{"id":47,"date":"2023-04-14T10:57:44","date_gmt":"2023-04-14T10:57:44","guid":{"rendered":"https:\/\/donticketlawfirm.com\/?page_id=47"},"modified":"2023-04-23T18:52:16","modified_gmt":"2023-04-23T18:52:16","slug":"misdemeanors","status":"publish","type":"page","link":"https:\/\/donticketlawfirm.com\/es\/misdemeanors\/","title":{"rendered":"Delitos menores"},"content":{"rendered":"<div data-elementor-type=\"wp-page\" data-elementor-id=\"47\" class=\"elementor elementor-47\">\n\t\t\t\t\t\t<section class=\"elementor-section elementor-top-section elementor-element elementor-element-49ab295 elementor-section-boxed elementor-section-height-default elementor-section-height-default\" data-id=\"49ab295\" data-element_type=\"section\" data-e-type=\"section\" data-settings=\"{&quot;background_background&quot;:&quot;classic&quot;}\">\n\t\t\t\t\t\t\t<div class=\"elementor-background-overlay\"><\/div>\n\t\t\t\t\t\t\t<div class=\"elementor-container elementor-column-gap-default\">\n\t\t\t\t\t<div class=\"elementor-column elementor-col-100 elementor-top-column elementor-element elementor-element-981dbcb\" data-id=\"981dbcb\" data-element_type=\"column\" data-e-type=\"column\">\n\t\t\t<div class=\"elementor-widget-wrap elementor-element-populated\">\n\t\t\t\t\t\t<div class=\"elementor-element elementor-element-ba324cd elementor-widget elementor-widget-heading\" data-id=\"ba324cd\" data-element_type=\"widget\" data-e-type=\"widget\" data-widget_type=\"heading.default\">\n\t\t\t\t<div class=\"elementor-widget-container\">\n\t\t\t\t\t<h1 class=\"elementor-heading-title elementor-size-default\">Delitos menores\n<\/h1>\t\t\t\t<\/div>\n\t\t\t\t<\/div>\n\t\t\t\t<div class=\"elementor-element elementor-element-f07305a elementor-widget elementor-widget-heading\" data-id=\"f07305a\" data-element_type=\"widget\" data-e-type=\"widget\" data-widget_type=\"heading.default\">\n\t\t\t\t<div class=\"elementor-widget-container\">\n\t\t\t\t\t<h3 class=\"elementor-heading-title elementor-size-default\">Defenderlo agresivamente de cargos por delitos menores<\/h3>\t\t\t\t<\/div>\n\t\t\t\t<\/div>\n\t\t\t\t<div class=\"elementor-element elementor-element-5e92422 elementor-widget elementor-widget-button\" data-id=\"5e92422\" data-element_type=\"widget\" data-e-type=\"widget\" data-widget_type=\"button.default\">\n\t\t\t\t<div class=\"elementor-widget-container\">\n\t\t\t\t\t\t\t\t\t<div class=\"elementor-button-wrapper\">\n\t\t\t\t\t<a class=\"elementor-button elementor-button-link elementor-size-sm\" href=\"http:\/\/j9v.322.myftpupload.com\/contact-us\/\">\n\t\t\t\t\t\t<span class=\"elementor-button-content-wrapper\">\n\t\t\t\t\t\t\t\t\t<span class=\"elementor-button-text\">P\u00f3ngase en contacto con nosotros hoy<\/span>\n\t\t\t\t\t<\/span>\n\t\t\t\t\t<\/a>\n\t\t\t\t<\/div>\n\t\t\t\t\t\t\t\t<\/div>\n\t\t\t\t<\/div>\n\t\t\t\t\t<\/div>\n\t\t<\/div>\n\t\t\t\t\t<\/div>\n\t\t<\/section>\n\t\t\t\t<section class=\"elementor-section elementor-top-section elementor-element elementor-element-8073927 elementor-section-content-middle elementor-section-boxed elementor-section-height-default elementor-section-height-default\" data-id=\"8073927\" data-element_type=\"section\" data-e-type=\"section\">\n\t\t\t\t\t\t<div class=\"elementor-container elementor-column-gap-default\">\n\t\t\t\t\t<div class=\"elementor-column elementor-col-100 elementor-top-column elementor-element elementor-element-3fccecb\" data-id=\"3fccecb\" data-element_type=\"column\" data-e-type=\"column\">\n\t\t\t<div class=\"elementor-widget-wrap elementor-element-populated\">\n\t\t\t\t\t\t<div class=\"elementor-element elementor-element-2c6eb96 elementor-widget elementor-widget-heading\" data-id=\"2c6eb96\" data-element_type=\"widget\" data-e-type=\"widget\" data-widget_type=\"heading.default\">\n\t\t\t\t<div class=\"elementor-widget-container\">\n\t\t\t\t\t<h3 class=\"elementor-heading-title elementor-size-default\">Los Cargos Por Delitos Menores Pueden Traer Resultados Serios<\/h3>\t\t\t\t<\/div>\n\t\t\t\t<\/div>\n\t\t\t\t<div class=\"elementor-element elementor-element-7e19e0a elementor-widget elementor-widget-text-editor\" data-id=\"7e19e0a\" data-element_type=\"widget\" data-e-type=\"widget\" data-widget_type=\"text-editor.default\">\n\t\t\t\t<div class=\"elementor-widget-container\">\n\t\t\t\t\t\t\t\t\t<p>\u201cPero es solo un delito menor\u201d es algo que escuchamos con demasiada frecuencia de nuestros clientes. No cometa el error de pensar que es solo un punto en su radar personal. Si el tribunal lo condena por un delito menor, aparecer\u00e1 en las verificaciones de antecedentes. Eso significa que se le puede negar un trabajo, perder la autorizaci\u00f3n de seguridad o perder la oportunidad de recibir ayuda de ciertos programas del gobierno estatal y federal. Peor a\u00fan, podr\u00edas ir a la c\u00e1rcel. Eso no tiene por qu\u00e9 suceder si obtiene la representaci\u00f3n legal adecuada. Nuestros abogados con experiencia en derecho penal analizar\u00e1n todos los aspectos de su caso y pueden ayudarlo a mantenerse fuera de la c\u00e1rcel y con un historial de condena limpio. Cont\u00e1ctenos hoy para aprender m\u00e1s.<\/p>\t\t\t\t\t\t\t\t<\/div>\n\t\t\t\t<\/div>\n\t\t\t\t\t<\/div>\n\t\t<\/div>\n\t\t\t\t\t<\/div>\n\t\t<\/section>\n\t\t\t\t<section class=\"elementor-section elementor-top-section elementor-element elementor-element-5e8120d elementor-section-content-middle elementor-section-boxed elementor-section-height-default elementor-section-height-default\" data-id=\"5e8120d\" data-element_type=\"section\" data-e-type=\"section\" data-settings=\"{&quot;background_background&quot;:&quot;classic&quot;}\">\n\t\t\t\t\t\t<div class=\"elementor-container elementor-column-gap-default\">\n\t\t\t\t\t<div class=\"elementor-column elementor-col-33 elementor-top-column elementor-element elementor-element-34ba6c4\" data-id=\"34ba6c4\" data-element_type=\"column\" data-e-type=\"column\" data-settings=\"{&quot;background_background&quot;:&quot;classic&quot;}\">\n\t\t\t<div class=\"elementor-widget-wrap elementor-element-populated\">\n\t\t\t\t\t\t<div class=\"elementor-element elementor-element-873d89d elementor-widget elementor-widget-spacer\" data-id=\"873d89d\" data-element_type=\"widget\" data-e-type=\"widget\" data-widget_type=\"spacer.default\">\n\t\t\t\t<div class=\"elementor-widget-container\">\n\t\t\t\t\t\t\t<div class=\"elementor-spacer\">\n\t\t\t<div class=\"elementor-spacer-inner\"><\/div>\n\t\t<\/div>\n\t\t\t\t\t\t<\/div>\n\t\t\t\t<\/div>\n\t\t\t\t\t<\/div>\n\t\t<\/div>\n\t\t\t\t<div class=\"elementor-column elementor-col-33 elementor-top-column elementor-element elementor-element-4ee41bf\" data-id=\"4ee41bf\" data-element_type=\"column\" data-e-type=\"column\">\n\t\t\t<div class=\"elementor-widget-wrap\">\n\t\t\t\t\t\t\t<\/div>\n\t\t<\/div>\n\t\t\t\t<div class=\"elementor-column elementor-col-33 elementor-top-column elementor-element elementor-element-038e559\" data-id=\"038e559\" data-element_type=\"column\" data-e-type=\"column\">\n\t\t\t<div class=\"elementor-widget-wrap elementor-element-populated\">\n\t\t\t\t\t\t<div class=\"elementor-element elementor-element-6f59904 elementor-widget elementor-widget-heading\" data-id=\"6f59904\" data-element_type=\"widget\" data-e-type=\"widget\" data-widget_type=\"heading.default\">\n\t\t\t\t<div class=\"elementor-widget-container\">\n\t\t\t\t\t<h2 class=\"elementor-heading-title elementor-size-default\">Necesita Una Representaci\u00f3n Agresiva<\/h2>\t\t\t\t<\/div>\n\t\t\t\t<\/div>\n\t\t\t\t<div class=\"elementor-element elementor-element-4e7db24 elementor-widget elementor-widget-text-editor\" data-id=\"4e7db24\" data-element_type=\"widget\" data-e-type=\"widget\" data-widget_type=\"text-editor.default\">\n\t\t\t\t<div class=\"elementor-widget-container\">\n\t\t\t\t\t\t\t\t\t<p>Para tener la mejor oportunidad de presentar su caso, necesita una defensa vigorosa que busque todos los \u00e1ngulos para tratar de minimizar cualquier consecuencia negativa que pueda enfrentar. Si es declarado culpable de un delito menor, se enfrenta a tiempo en la c\u00e1rcel y libertad condicional o ambos. Las sentencias m\u00e1ximas por un delito menor de 1er grado y 2do grado son las siguientes: Delito menor Sentencias m\u00e1ximas<\/p><p><strong>Sentencias m\u00e1ximas de delitos menores<\/strong><\/p>\t\t\t\t\t\t\t\t<\/div>\n\t\t\t\t<\/div>\n\t\t\t\t<div class=\"elementor-element elementor-element-88b4b76 oew-table-mobile-header-column elementor-widget elementor-widget-oew-table\" data-id=\"88b4b76\" data-element_type=\"widget\" data-e-type=\"widget\" data-widget_type=\"oew-table.default\">\n\t\t\t\t<div class=\"elementor-widget-container\">\n\t\t\t\t\t\r\n\t\t<table class=\"oew-table oew-table-odd\">\r\n\r\n\t\t\t\r\n\t\t\t\t<thead>\r\n\t\t\t\t\t<tr class=\"oew-table-row\">\r\n\r\n\t\t\t\t\t\t<th class=\"oew-table-cell elementor-repeater-item-3c32e81\"><span class=\"oew-table-text\"><span class=\"oew-table-text-inner\">La licenciatura<\/span><\/span><\/th><th class=\"oew-table-cell elementor-repeater-item-3c32e81 oew-table-cell elementor-repeater-item-bf8e247\"><span class=\"oew-table-text oew-table-text\"><span class=\"oew-table-text-inner\">Celda<\/span><\/span><\/th><th class=\"oew-table-cell elementor-repeater-item-3c32e81 oew-table-cell elementor-repeater-item-bf8e247 oew-table-cell elementor-repeater-item-67e7a9c\"><span class=\"oew-table-text oew-table-text oew-table-text\"><span class=\"oew-table-text-inner\">Libertad condicional<\/span><\/span><\/th><th class=\"oew-table-cell elementor-repeater-item-3c32e81 oew-table-cell elementor-repeater-item-bf8e247 oew-table-cell elementor-repeater-item-67e7a9c oew-table-cell elementor-repeater-item-83ecc3c\"><span class=\"oew-table-text oew-table-text oew-table-text oew-table-text\"><span class=\"oew-table-text-inner\">Multa<\/span><\/span><\/th>\r\n\t\t\t\t\t<\/tr>\r\n\r\n\t\t\t\t<\/thead>\r\n\r\n\t\t\t\r\n\t\t\t\t<tbody>\r\n\r\n\t\t\t\t\t\r\n\t\t\t\t\t\t<tr class=\"oew-table-row elementor-repeater-item-f2d25e5\"><td class=\"oew-table-cell elementor-repeater-item-53b3a38\" data-title=\"Degree\"><span class=\"oew-table-text\"><span class=\"oew-table-text-inner\">Primero\t<\/span><\/span><\/td><td class=\"oew-table-cell elementor-repeater-item-1708676\" data-title=\"Jail\"><span class=\"oew-table-text\"><span class=\"oew-table-text-inner\">1 A\u00f1o\t<\/span><\/span><\/td><td class=\"oew-table-cell elementor-repeater-item-0046d08\" data-title=\"Probation\"><span class=\"oew-table-text\"><span class=\"oew-table-text-inner\">1 A\u00f1o\t<\/span><\/span><\/td><td class=\"oew-table-cell elementor-repeater-item-98c4275\" data-title=\"Fine\"><span class=\"oew-table-text\"><span class=\"oew-table-text-inner\">$1,000<\/span><\/span><\/td><\/tr><tr class=\"oew-table-row elementor-repeater-item-626c8ae\"><td class=\"oew-table-cell elementor-repeater-item-f58fa12\" data-title=\"Degree\"><span class=\"oew-table-text\"><span class=\"oew-table-text-inner\">Segundo\t<\/span><\/span><\/td><td class=\"oew-table-cell elementor-repeater-item-cec7eab\" data-title=\"Jail\"><span class=\"oew-table-text\"><span class=\"oew-table-text-inner\">60 D\u00edas\t<\/span><\/span><\/td><td class=\"oew-table-cell elementor-repeater-item-bb48290\" data-title=\"Probation\"><span class=\"oew-table-text\"><span class=\"oew-table-text-inner\">6 Meses\t<\/span><\/span><\/td><td class=\"oew-table-cell elementor-repeater-item-a70bb2f\" data-title=\"Fine\"><span class=\"oew-table-text\"><span class=\"oew-table-text-inner\">$500<\/span><\/span><\/td>\r\n\t\t\t\t\t<\/tr>\r\n\r\n\t\t\t\t<\/tbody>\r\n\r\n\t\t\t\r\n\t\t<\/table>\r\n\r\n\t\t\t\t\t<\/div>\n\t\t\t\t<\/div>\n\t\t\t\t<div class=\"elementor-element elementor-element-3aa2437 elementor-widget elementor-widget-heading\" data-id=\"3aa2437\" data-element_type=\"widget\" data-e-type=\"widget\" data-widget_type=\"heading.default\">\n\t\t\t\t<div class=\"elementor-widget-container\">\n\t\t\t\t\t<h6 class=\"elementor-heading-title elementor-size-default\">See \u00a7775.082(4)(a)&amp; (b).<\/h6>\t\t\t\t<\/div>\n\t\t\t\t<\/div>\n\t\t\t\t\t<\/div>\n\t\t<\/div>\n\t\t\t\t\t<\/div>\n\t\t<\/section>\n\t\t\t\t<section class=\"elementor-section elementor-top-section elementor-element elementor-element-c8687ab elementor-section-content-middle elementor-section-boxed elementor-section-height-default elementor-section-height-default\" data-id=\"c8687ab\" data-element_type=\"section\" data-e-type=\"section\">\n\t\t\t\t\t\t<div class=\"elementor-container elementor-column-gap-default\">\n\t\t\t\t\t<div class=\"elementor-column elementor-col-100 elementor-top-column elementor-element elementor-element-a9fcd85\" data-id=\"a9fcd85\" data-element_type=\"column\" data-e-type=\"column\">\n\t\t\t<div class=\"elementor-widget-wrap elementor-element-populated\">\n\t\t\t\t\t\t<div class=\"elementor-element elementor-element-03f3f5b elementor-widget elementor-widget-text-editor\" data-id=\"03f3f5b\" data-element_type=\"widget\" data-e-type=\"widget\" data-widget_type=\"text-editor.default\">\n\t\t\t\t<div class=\"elementor-widget-container\">\n\t\t\t\t\t\t\t\t\t<p>A nuestros abogados de derecho penal les apasiona encontrar los tipos de fallas en el caso del gobierno en su contra que puedan causar dudas en la mente de los miembros del jurado. Ponga nuestra experiencia en su esquina. P\u00f3nganos de su lado hoy. Podemos defenderlo contra todos los delitos menores, incluidos:<\/p>\t\t\t\t\t\t\t\t<\/div>\n\t\t\t\t<\/div>\n\t\t\t\t<section class=\"elementor-section elementor-inner-section elementor-element elementor-element-0f6d83e elementor-section-boxed elementor-section-height-default elementor-section-height-default\" data-id=\"0f6d83e\" data-element_type=\"section\" data-e-type=\"section\">\n\t\t\t\t\t\t<div class=\"elementor-container elementor-column-gap-default\">\n\t\t\t\t\t<div class=\"elementor-column elementor-col-50 elementor-inner-column elementor-element elementor-element-43be0d6\" data-id=\"43be0d6\" data-element_type=\"column\" data-e-type=\"column\">\n\t\t\t<div class=\"elementor-widget-wrap elementor-element-populated\">\n\t\t\t\t\t\t<div class=\"elementor-element elementor-element-c37c97c elementor-widget elementor-widget-text-editor\" data-id=\"c37c97c\" data-element_type=\"widget\" data-e-type=\"widget\" data-widget_type=\"text-editor.default\">\n\t\t\t\t<div class=\"elementor-widget-container\">\n\t\t\t\t\t\t\t\t\t<ul><li>Conducta desordenada\/intoxicaci\u00f3n<\/li><li>Resistir sin violenciaIntrusi\u00f3n<\/li><li>Peque\u00f1o hurto<\/li><li>Peque\u00f1o hurto<\/li><li>Robo en tiendas<\/li><li>Travesuras criminales<\/li><li>Asalto simple<\/li><li>Agresi\u00f3n simple<\/li><\/ul>\t\t\t\t\t\t\t\t<\/div>\n\t\t\t\t<\/div>\n\t\t\t\t\t<\/div>\n\t\t<\/div>\n\t\t\t\t<div class=\"elementor-column elementor-col-50 elementor-inner-column elementor-element elementor-element-f8b8d67\" data-id=\"f8b8d67\" data-element_type=\"column\" data-e-type=\"column\">\n\t\t\t<div class=\"elementor-widget-wrap elementor-element-populated\">\n\t\t\t\t\t\t<div class=\"elementor-element elementor-element-9c7de47 elementor-widget__width-initial elementor-widget elementor-widget-text-editor\" data-id=\"9c7de47\" data-element_type=\"widget\" data-e-type=\"widget\" data-widget_type=\"text-editor.default\">\n\t\t\t\t<div class=\"elementor-widget-container\">\n\t\t\t\t\t\t\t\t\t<ul><li>Violencia dom\u00e9stica<\/li><li>Delitos de prostituci\u00f3n\/solicitud<\/li><li>Merodear y merodear<\/li><li>Posesi\u00f3n de cannabis<\/li><li>Posesi\u00f3n de parafernalia de drogas<\/li><li>Conducir bajo la influencia (DUI)<\/li><li>Conducci\u00f3n temeraria<\/li><li>Conducir con una licencia suspendida (DWLS)<\/li><\/ul>\t\t\t\t\t\t\t\t<\/div>\n\t\t\t\t<\/div>\n\t\t\t\t\t<\/div>\n\t\t<\/div>\n\t\t\t\t\t<\/div>\n\t\t<\/section>\n\t\t\t\t\t<\/div>\n\t\t<\/div>\n\t\t\t\t\t<\/div>\n\t\t<\/section>\n\t\t\t\t<section class=\"elementor-section elementor-top-section elementor-element elementor-element-7e774bb elementor-section-content-middle elementor-reverse-tablet elementor-reverse-mobile elementor-section-boxed elementor-section-height-default elementor-section-height-default\" data-id=\"7e774bb\" data-element_type=\"section\" data-e-type=\"section\">\n\t\t\t\t\t\t<div class=\"elementor-container elementor-column-gap-default\">\n\t\t\t\t\t<div class=\"elementor-column elementor-col-33 elementor-top-column elementor-element elementor-element-032d7b2\" data-id=\"032d7b2\" data-element_type=\"column\" data-e-type=\"column\">\n\t\t\t<div class=\"elementor-widget-wrap elementor-element-populated\">\n\t\t\t\t\t\t<div class=\"elementor-element elementor-element-98c83dc elementor-widget elementor-widget-heading\" data-id=\"98c83dc\" data-element_type=\"widget\" data-e-type=\"widget\" data-widget_type=\"heading.default\">\n\t\t\t\t<div class=\"elementor-widget-container\">\n\t\t\t\t\t<h3 class=\"elementor-heading-title elementor-size-default\">Obtenga Representaci\u00f3n Legal Desde El Principio<\/h3>\t\t\t\t<\/div>\n\t\t\t\t<\/div>\n\t\t\t\t<div class=\"elementor-element elementor-element-917a541 elementor-widget elementor-widget-text-editor\" data-id=\"917a541\" data-element_type=\"widget\" data-e-type=\"widget\" data-widget_type=\"text-editor.default\">\n\t\t\t\t<div class=\"elementor-widget-container\">\n\t\t\t\t\t\t\t\t\t<p>Si lo arrestan por un delito menor, es fundamental que no le diga nada a la polic\u00eda hasta que est\u00e9 presente un abogado de derecho penal. En una situaci\u00f3n tan estresante, podr\u00eda decir cosas que podr\u00edan tener un impacto negativo en su caso. Peor a\u00fan, un fiscal podr\u00eda optar por convertir su delito en un delito grave, dependiendo de lo que diga. En su lugar, llame a nuestra oficina legal de inmediato. Un abogado de derecho penal con a\u00f1os de experiencia defendiendo a clientes en casos de delitos menores estar\u00e1 a su lado. Luego, buscaremos su defensa con todas las armas de nuestro arsenal legal. P\u00f3ngase en contacto con nuestro equipo hoy.<\/p>\t\t\t\t\t\t\t\t<\/div>\n\t\t\t\t<\/div>\n\t\t\t\t<div class=\"elementor-element elementor-element-4064670 elementor-widget elementor-widget-button\" data-id=\"4064670\" data-element_type=\"widget\" data-e-type=\"widget\" data-widget_type=\"button.default\">\n\t\t\t\t<div class=\"elementor-widget-container\">\n\t\t\t\t\t\t\t\t\t<div class=\"elementor-button-wrapper\">\n\t\t\t\t\t<a class=\"elementor-button elementor-button-link elementor-size-sm\" href=\"#elementor-action%3Aaction%3Dpopup%3Aopen%26settings%3DeyJpZCI6Ijg2MyIsInRvZ2dsZSI6ZmFsc2V9\">\n\t\t\t\t\t\t<span class=\"elementor-button-content-wrapper\">\n\t\t\t\t\t\t\t\t\t<span class=\"elementor-button-text\">Cont\u00e1ctanos ahora<\/span>\n\t\t\t\t\t<\/span>\n\t\t\t\t\t<\/a>\n\t\t\t\t<\/div>\n\t\t\t\t\t\t\t\t<\/div>\n\t\t\t\t<\/div>\n\t\t\t\t\t<\/div>\n\t\t<\/div>\n\t\t\t\t<div class=\"elementor-column elementor-col-33 elementor-top-column elementor-element elementor-element-df9e83a\" data-id=\"df9e83a\" data-element_type=\"column\" data-e-type=\"column\">\n\t\t\t<div class=\"elementor-widget-wrap\">\n\t\t\t\t\t\t\t<\/div>\n\t\t<\/div>\n\t\t\t\t<div class=\"elementor-column elementor-col-33 elementor-top-column elementor-element elementor-element-44662e1\" data-id=\"44662e1\" data-element_type=\"column\" data-e-type=\"column\" data-settings=\"{&quot;background_background&quot;:&quot;classic&quot;}\">\n\t\t\t<div class=\"elementor-widget-wrap elementor-element-populated\">\n\t\t\t\t\t\t<div class=\"elementor-element elementor-element-e56140f elementor-widget elementor-widget-spacer\" data-id=\"e56140f\" data-element_type=\"widget\" data-e-type=\"widget\" data-widget_type=\"spacer.default\">\n\t\t\t\t<div class=\"elementor-widget-container\">\n\t\t\t\t\t\t\t<div class=\"elementor-spacer\">\n\t\t\t<div class=\"elementor-spacer-inner\"><\/div>\n\t\t<\/div>\n\t\t\t\t\t\t<\/div>\n\t\t\t\t<\/div>\n\t\t\t\t\t<\/div>\n\t\t<\/div>\n\t\t\t\t\t<\/div>\n\t\t<\/section>\n\t\t\t\t<\/div>","protected":false},"excerpt":{"rendered":"<p>Misdemeanors Aggressively Defending You From Misdemeanor Charges Contact us today Misdemeanor Charges Can Bring Serious Results \u201cBut it\u2019s only a misdemeanor\u201d is something we hear all too often from our clients. Don\u2019t make the mistake of thinking it\u2019s just a blip on your personal radar. If the court convicts you of a misdemeanor, it will [&hellip;]<\/p>\n","protected":false},"author":1,"featured_media":0,"parent":0,"menu_order":0,"comment_status":"closed","ping_status":"closed","template":"","meta":{"ocean_post_layout":"full-screen","ocean_both_sidebars_style":"","ocean_both_sidebars_content_width":0,"ocean_both_sidebars_sidebars_width":0,"ocean_sidebar":"0","ocean_second_sidebar":"0","ocean_disable_margins":"on","ocean_add_body_class":"","ocean_shortcode_before_top_bar":"","ocean_shortcode_after_top_bar":"","ocean_shortcode_before_header":"","ocean_shortcode_after_header":"","ocean_has_shortcode":"","ocean_shortcode_after_title":"","ocean_shortcode_before_footer_widgets":"","ocean_shortcode_after_footer_widgets":"","ocean_shortcode_before_footer_bottom":"","ocean_shortcode_after_footer_bottom":"","ocean_display_top_bar":"default","ocean_display_header":"default","ocean_header_style":"","ocean_center_header_left_menu":"0","ocean_custom_header_template":"0","ocean_custom_logo":0,"ocean_custom_retina_logo":0,"ocean_custom_logo_max_width":0,"ocean_custom_logo_tablet_max_width":0,"ocean_custom_logo_mobile_max_width":0,"ocean_custom_logo_max_height":0,"ocean_custom_logo_tablet_max_height":0,"ocean_custom_logo_mobile_max_height":0,"ocean_header_custom_menu":"0","ocean_menu_typo_font_family":"0","ocean_menu_typo_font_subset":"","ocean_menu_typo_font_size":0,"ocean_menu_typo_font_size_tablet":0,"ocean_menu_typo_font_size_mobile":0,"ocean_menu_typo_font_size_unit":"px","ocean_menu_typo_font_weight":"","ocean_menu_typo_font_weight_tablet":"","ocean_menu_typo_font_weight_mobile":"","ocean_menu_typo_transform":"","ocean_menu_typo_transform_tablet":"","ocean_menu_typo_transform_mobile":"","ocean_menu_typo_line_height":0,"ocean_menu_typo_line_height_tablet":0,"ocean_menu_typo_line_height_mobile":0,"ocean_menu_typo_line_height_unit":"","ocean_menu_typo_spacing":0,"ocean_menu_typo_spacing_tablet":0,"ocean_menu_typo_spacing_mobile":0,"ocean_menu_typo_spacing_unit":"","ocean_menu_link_color":"","ocean_menu_link_color_hover":"","ocean_menu_link_color_active":"","ocean_menu_link_background":"","ocean_menu_link_hover_background":"","ocean_menu_link_active_background":"","ocean_menu_social_links_bg":"","ocean_menu_social_hover_links_bg":"","ocean_menu_social_links_color":"","ocean_menu_social_hover_links_color":"","ocean_disable_title":"on","ocean_disable_heading":"default","ocean_post_title":"","ocean_post_subheading":"","ocean_post_title_style":"","ocean_post_title_background_color":"","ocean_post_title_background":0,"ocean_post_title_bg_image_position":"","ocean_post_title_bg_image_attachment":"","ocean_post_title_bg_image_repeat":"","ocean_post_title_bg_image_size":"","ocean_post_title_height":0,"ocean_post_title_bg_overlay":0.5,"ocean_post_title_bg_overlay_color":"","ocean_disable_breadcrumbs":"default","ocean_breadcrumbs_color":"","ocean_breadcrumbs_separator_color":"","ocean_breadcrumbs_links_color":"","ocean_breadcrumbs_links_hover_color":"","ocean_display_footer_widgets":"default","ocean_display_footer_bottom":"default","ocean_custom_footer_template":"0","footnotes":""},"class_list":["post-47","page","type-page","status-publish","hentry","entry"],"_links":{"self":[{"href":"https:\/\/donticketlawfirm.com\/es\/wp-json\/wp\/v2\/pages\/47","targetHints":{"allow":["GET"]}}],"collection":[{"href":"https:\/\/donticketlawfirm.com\/es\/wp-json\/wp\/v2\/pages"}],"about":[{"href":"https:\/\/donticketlawfirm.com\/es\/wp-json\/wp\/v2\/types\/page"}],"author":[{"embeddable":true,"href":"https:\/\/donticketlawfirm.com\/es\/wp-json\/wp\/v2\/users\/1"}],"replies":[{"embeddable":true,"href":"https:\/\/donticketlawfirm.com\/es\/wp-json\/wp\/v2\/comments?post=47"}],"version-history":[{"count":44,"href":"https:\/\/donticketlawfirm.com\/es\/wp-json\/wp\/v2\/pages\/47\/revisions"}],"predecessor-version":[{"id":1134,"href":"https:\/\/donticketlawfirm.com\/es\/wp-json\/wp\/v2\/pages\/47\/revisions\/1134"}],"wp:attachment":[{"href":"https:\/\/donticketlawfirm.com\/es\/wp-json\/wp\/v2\/media?parent=47"}],"curies":[{"name":"wp","href":"https:\/\/api.w.org\/{rel}","templated":true}]}}